{"id":38,"date":"2017-08-26T05:42:15","date_gmt":"2017-08-26T05:42:15","guid":{"rendered":"https:\/\/avieciusodas.lt\/?page_id=38"},"modified":"2021-10-27T09:40:39","modified_gmt":"2021-10-27T09:40:39","slug":"pagrindinis","status":"publish","type":"page","link":"https:\/\/avieciusodas.lt\/","title":{"rendered":"Pagrindinis"},"content":{"rendered":"<p>[et_pb_section fb_built=\u201c1&#8243; fullwidth=\u201con\u201c admin_label=\u201cSection\u201c _builder_version=\u201c3.22&#8243; global_colors_info=\u201c{}\u201c][et_pb_fullwidth_slider admin_label=\u201cFullwidth Slider\u201c _builder_version=\u201c3.16&#8243; background_size=\u201ccontain\u201c background_position=\u201cbottom_left\u201c custom_padding=\u201c250px||250px|\u201c custom_padding_tablet=\u201c|||\u201c custom_padding_phone=\u201c|||\u201c box_shadow_style=\u201cpreset6&#8243; box_shadow_blur=\u201c10px\u201c box_shadow_color=\u201crgba(0,0,0,0.1)\u201c top_padding=\u201c250px\u201c bottom_padding=\u201c250px\u201c show_inner_shadow=\u201con\u201c global_colors_info=\u201c{}\u201c button_text_size__hover_enabled=\u201coff\u201c button_one_text_size__hover_enabled=\u201coff\u201c button_two_text_size__hover_enabled=\u201coff\u201c button_text_color__hover_enabled=\u201coff\u201c button_one_text_color__hover_enabled=\u201coff\u201c button_two_text_color__hover_enabled=\u201coff\u201c button_border_width__hover_enabled=\u201coff\u201c button_one_border_width__hover_enabled=\u201coff\u201c button_two_border_width__hover_enabled=\u201coff\u201c button_border_color__hover_enabled=\u201coff\u201c button_one_border_color__hover_enabled=\u201coff\u201c button_two_border_color__hover_enabled=\u201coff\u201c button_border_radius__hover_enabled=\u201coff\u201c button_one_border_radius__hover_enabled=\u201coff\u201c button_two_border_radius__hover_enabled=\u201coff\u201c button_letter_spacing__hover_enabled=\u201coff\u201c button_one_letter_spacing__hover_enabled=\u201coff\u201c button_two_letter_spacing__hover_enabled=\u201coff\u201c button_bg_color__hover_enabled=\u201coff\u201c button_one_bg_color__hover_enabled=\u201coff\u201c button_two_bg_color__hover_enabled=\u201coff\u201c][et_pb_slide heading=\u201cLietuvoje u\u017eaugintos aviet\u0117s ir sodinukai\u201c use_bg_overlay=\u201coff\u201c use_text_overlay=\u201coff\u201c _builder_version=\u201c3.16&#8243; header_font=\u201c||||\u201c body_font=\u201c||||\u201c background_color=\u201c#ffffff\u201c background_image=\u201chttp:\/\/avieciusodas.lt\/wp-content\/uploads\/2017\/08\/avie\u010di\u0173-sodas-slider-backgroud-.png\u201c parallax=\u201con\u201c button_icon_placement=\u201cright\u201c button_on_hover=\u201con\u201c background_layout=\u201clight\u201c global_colors_info=\u201c{}\u201c button_text_size__hover_enabled=\u201coff\u201c button_one_text_size__hover_enabled=\u201coff\u201c button_two_text_size__hover_enabled=\u201coff\u201c button_text_color__hover_enabled=\u201coff\u201c button_one_text_color__hover_enabled=\u201coff\u201c button_two_text_color__hover_enabled=\u201coff\u201c button_border_width__hover_enabled=\u201coff\u201c button_one_border_width__hover_enabled=\u201coff\u201c button_two_border_width__hover_enabled=\u201coff\u201c button_border_color__hover_enabled=\u201coff\u201c button_one_border_color__hover_enabled=\u201coff\u201c button_two_border_color__hover_enabled=\u201coff\u201c button_border_radius__hover_enabled=\u201coff\u201c button_one_border_radius__hover_enabled=\u201coff\u201c button_two_border_radius__hover_enabled=\u201coff\u201c button_letter_spacing__hover_enabled=\u201coff\u201c button_one_letter_spacing__hover_enabled=\u201coff\u201c button_two_letter_spacing__hover_enabled=\u201coff\u201c button_bg_color__hover_enabled=\u201coff\u201c button_one_bg_color__hover_enabled=\u201coff\u201c button_two_bg_color__hover_enabled=\u201coff\u201c sticky_transition=\u201con\u201c][\/et_pb_slide][\/et_pb_fullwidth_slider][\/et_pb_section][et_pb_section fb_built=\u201c1&#8243; admin_label=\u201cSection\u201c _builder_version=\u201c3.22&#8243; global_colors_info=\u201c{}\u201c][et_pb_row column_structure=\u201c1_3,1_3,1_3&#8243; admin_label=\u201cRow\u201c _builder_version=\u201c3.25&#8243; background_size=\u201cinitial\u201c background_position=\u201ctop_left\u201c background_repeat=\u201crepeat\u201c global_colors_info=\u201c{}\u201c custom_padding=\u201c||33px|||\u201c][et_pb_column type=\u201c1_3&#8243; _builder_version=\u201c3.25&#8243; custom_padding=\u201c|||\u201c global_colors_info=\u201c{}\u201c custom_padding__hover=\u201c|||\u201c][et_pb_blurb title=\u201cTik kokybi\u0161kos uogos\u201c image=\u201chttp:\/\/avieciusodas.lt\/wp-content\/uploads\/2017\/08\/kokybi\u0161kos-aviet\u0117s.png\u201c image_max_width=\u201cnone\u201c admin_label=\u201cBlurb\u201c _builder_version=\u201c3.0.74&#8243; text_orientation=\u201ccenter\u201c custom_margin=\u201c50px|50px|50px|50px\u201c custom_padding=\u201c30px|30px|30px|30px\u201c global_colors_info=\u201c{}\u201c][\/et_pb_blurb][\/et_pb_column][et_pb_column type=\u201c1_3&#8243; _builder_version=\u201c3.25&#8243; custom_padding=\u201c|||\u201c global_colors_info=\u201c{}\u201c custom_padding__hover=\u201c|||\u201c][et_pb_blurb title=\u201cLietuvoje u\u017eaugintos aviet\u0117s\u201c image=\u201chttp:\/\/avieciusodas.lt\/wp-content\/uploads\/2017\/08\/aviet\u0117s-u\u017eaugintos-lietuvoje.png\u201c image_max_width=\u201cnone\u201c admin_label=\u201cBlurb\u201c _builder_version=\u201c3.0.74&#8243; text_orientation=\u201ccenter\u201c custom_margin=\u201c50px|50px|50px|50px\u201c custom_padding=\u201c30px|30px|30px|30px\u201c global_colors_info=\u201c{}\u201c][\/et_pb_blurb][\/et_pb_column][et_pb_column type=\u201c1_3&#8243; _builder_version=\u201c3.25&#8243; custom_padding=\u201c|||\u201c global_colors_info=\u201c{}\u201c custom_padding__hover=\u201c|||\u201c][et_pb_blurb title=\u201cIki J\u016bs\u0173 grei\u010diau nei per 24val.\u201c image=\u201chttp:\/\/avieciusodas.lt\/wp-content\/uploads\/2017\/08\/nuskintos-ne-v\u0117liau-nei-prie\u0161-24-val..png\u201c image_max_width=\u201cnone\u201c admin_label=\u201cBlurb\u201c _builder_version=\u201c3.0.74&#8243; text_orientation=\u201ccenter\u201c custom_margin=\u201c50px|50px|50px|50px\u201c custom_padding=\u201c30px|30px|30px|30px\u201c global_colors_info=\u201c{}\u201c][\/et_pb_blurb][\/et_pb_column][\/et_pb_row][et_pb_row admin_label=\u201cRow\u201c _builder_version=\u201c3.25&#8243; background_size=\u201cinitial\u201c background_position=\u201ctop_left\u201c background_repeat=\u201crepeat\u201c global_colors_info=\u201c{}\u201c custom_padding=\u201c||86px|||\u201c][et_pb_column type=\u201c4_4&#8243; _builder_version=\u201c3.25&#8243; custom_padding=\u201c|||\u201c global_colors_info=\u201c{}\u201c custom_padding__hover=\u201c|||\u201c][et_pb_text admin_label=\u201cText\u201c _builder_version=\u201c3.27.4&#8243; text_font_size=\u201c16&#8243; text_orientation=\u201cjustified\u201c global_colors_info=\u201c{}\u201c]<\/p>\n<h1 style=\"text-align: center;\">Apie mus<\/h1>\n<p style=\"text-align: center;\">Avie\u010di\u0173 sodas yra \u0161eimos \u016bkis. Jis \u012fsik\u016br\u0119s Kaune, Zuikin\u0117je \u012f pietvakarius nuo miesto centro, prie\u00a0Kauno mari\u0173.<\/p>\n<p style=\"text-align: center;\">\u0160eima jau daugiau kaip 5 metus augina \u0161ias uogas. \u010cia pat jos skinamos, pakuojamos, dalis j\u0173 \u0161aldomos o paskui parduodamos.<\/p>\n<p style=\"text-align: center;\">Auginant avietes svarbu i\u0161naudoti visus \u012fmanomus gamtin\u0117s \u017eemdirbyst\u0117s principus: dirvos gyvyb\u0117s aktyvinimas, bio\u012fvairov\u0117s palaikymas ir minimalus augal\u0173 apsaugos priemoni\u0173 naudojimas, toki\u0173 princip\u0173 ir laikom\u0117s savo avietyne.<\/p>\n<p>[\/et_pb_text][\/et_pb_column][\/et_pb_row][et_pb_row admin_label=\u201cRow\u201c _builder_version=\u201c3.25&#8243; background_size=\u201cinitial\u201c background_position=\u201ctop_left\u201c background_repeat=\u201crepeat\u201c global_colors_info=\u201c{}\u201c custom_margin=\u201c34px|auto||auto||\u201c][et_pb_column type=\u201c4_4&#8243; _builder_version=\u201c3.25&#8243; custom_padding=\u201c|||\u201c global_colors_info=\u201c{}\u201c custom_padding__hover=\u201c|||\u201c][et_pb_text admin_label=\u201cText\u201c _builder_version=\u201c3.27.4&#8243; text_font_size=\u201c16&#8243; text_orientation=\u201ccenter\u201c module_alignment=\u201ccenter\u201c border_style=\u201csolid\u201c global_colors_info=\u201c{}\u201c]<\/p>\n<h1 style=\"text-align: center;\">Auginamos avie\u010di\u0173 r\u016b\u0161ys ir\u00a0sodinukai<\/h1>\n<p>[\/et_pb_text][\/et_pb_column][\/et_pb_row][et_pb_row column_structure=\u201c1_2,1_2&#8243; admin_label=\u201cRow\u201c _builder_version=\u201c3.25&#8243; background_size=\u201cinitial\u201c background_position=\u201ctop_left\u201c background_repeat=\u201crepeat\u201c global_colors_info=\u201c{}\u201c][et_pb_column type=\u201c1_2&#8243; _builder_version=\u201c3.25&#8243; custom_padding=\u201c|||\u201c global_colors_info=\u201c{}\u201c custom_padding__hover=\u201c|||\u201c][et_pb_text admin_label=\u201cText\u201c _builder_version=\u201c4.11.4&#8243; text_font_size=\u201c16&#8243; text_orientation=\u201ccenter\u201c module_alignment=\u201ccenter\u201c hover_enabled=\u201c0&#8243; global_colors_info=\u201c{}\u201c custom_padding=\u201c||1px|||\u201c sticky_enabled=\u201c0&#8243;]<\/p>\n<h1 style=\"text-align: center;\">Remontantin\u0117s Aviet\u0117s Polka<\/h1>\n<p style=\"text-align: left;\"><strong>Viena i\u0161 geriausi\u0173 pasikartojan\u010di\u0173 remontantini\u0173 veisli\u0173.<\/strong><\/p>\n<p style=\"text-align: left;\"><strong>Kr\u016bmas: <\/strong>auk\u0161tis &#8211; vidutinis.<\/p>\n<p style=\"text-align: left;\"><strong>Derlingumas:<\/strong>\u00a0labai derlinga.<\/p>\n<p style=\"text-align: left;\"><strong>Der\u0117jimo laikas<\/strong>: labai ankstyvos rugpj\u016b\u010dio antra pus\u0117 &#8211; spalio pabaiga.<\/p>\n<p style=\"text-align: left;\"><strong>Uogos: <\/strong>didel\u0117s, blizgios, atsparios puviniui, labai skanios. Perne\u0161a ilg\u0105 transportavim\u0105. Gali b\u016bti surenkama mechaniniu b\u016bdu.<\/p>\n<p style=\"text-align: left;\"><strong>Atsparumas: <\/strong>labai atsparios \u0161al\u010diams ir ligoms.<\/p>\n<p style=\"text-align: left;\">[\/et_pb_text][\/et_pb_column][et_pb_column type=\u201c1_2&#8243; _builder_version=\u201c3.25&#8243; custom_padding=\u201c|||\u201c global_colors_info=\u201c{}\u201c custom_padding__hover=\u201c|||\u201c][et_pb_text admin_label=\u201cText\u201c _builder_version=\u201c4.11.4&#8243; text_font_size=\u201c16&#8243; text_orientation=\u201ccenter\u201c module_alignment=\u201ccenter\u201c hover_enabled=\u201c0&#8243; global_colors_info=\u201c{}\u201c sticky_enabled=\u201c0&#8243;]<\/p>\n<h1 style=\"text-align: center;\">Aviet\u0117s Glen Ample<\/h1>\n<p style=\"text-align: left;\"><strong>Vasarin\u0117 veisl\u0117.<\/strong><\/p>\n<p style=\"text-align: left;\"><strong>Kr\u016bmas:<\/strong> tvirtas, bespygl\u0117mis \u0161akomis, auk\u0161tis &#8211; vidutinis.<\/p>\n<p style=\"text-align: left;\"><strong>Derlingumas<\/strong>: labai derlinga<\/p>\n<p style=\"text-align: left;\"><strong>Der\u0117jimo laikas:<\/strong> skynimo laikas nuo liepos m\u0117nesio vidurio<\/p>\n<p style=\"text-align: left;\"><strong>Uogos:<\/strong> labai skanios, stambios, transportabilios. Tinka \u0161aldymui.<\/p>\n<p style=\"text-align: left;\"><strong style=\"font-size: 16px;\">Atsparumas:<\/strong><span style=\"font-size: 16px;\"> itin atspari \u0161al\u010diui ir ligoms.<\/span><\/p>\n<p style=\"text-align: left;\"><span style=\"font-size: 16px;\"><\/span><\/p>\n<p style=\"text-align: left;\"><span style=\"font-size: 16px;\"><\/span><\/p>\n<p>[\/et_pb_text][\/et_pb_column][\/et_pb_row][et_pb_row column_structure=\u201c1_4,1_4,1_4,1_4&#8243; admin_label=\u201cRow\u201c _builder_version=\u201c3.25&#8243; background_size=\u201cinitial\u201c background_position=\u201ctop_left\u201c background_repeat=\u201crepeat\u201c custom_margin=\u201c|||\u201c custom_padding=\u201c0|||\u201c global_colors_info=\u201c{}\u201c][et_pb_column type=\u201c1_4&#8243; _builder_version=\u201c3.25&#8243; custom_padding=\u201c|||\u201c global_colors_info=\u201c{}\u201c custom_padding__hover=\u201c|||\u201c][et_pb_image src=\u201chttp:\/\/avieciusodas.lt\/wp-content\/uploads\/2018\/10\/polka-aviet\u0117-uoga.jpg\u201c show_in_lightbox=\u201con\u201c show_bottom_space=\u201coff\u201c align=\u201ccenter\u201c force_fullwidth=\u201con\u201c align_tablet=\u201ccenter\u201c align_phone=\u201ccenter\u201c align_last_edited=\u201con|desktop\u201c admin_label=\u201cImage\u201c _builder_version=\u201c3.23&#8243; custom_margin=\u201c0px|0px|0px|0px\u201c animation_style=\u201cslide\u201c animation_direction=\u201cleft\u201c animation_duration=\u201c500ms\u201c animation_intensity_slide=\u201c10%\u201c sticky=\u201con\u201c global_colors_info=\u201c{}\u201c][\/et_pb_image][\/et_pb_column][et_pb_column type=\u201c1_4&#8243; _builder_version=\u201c3.25&#8243; custom_padding=\u201c|||\u201c global_colors_info=\u201c{}\u201c custom_padding__hover=\u201c|||\u201c][et_pb_image src=\u201chttp:\/\/avieciusodas.lt\/wp-content\/uploads\/2018\/10\/polka-kr\u016bmas.jpg\u201c show_in_lightbox=\u201con\u201c show_bottom_space=\u201coff\u201c align=\u201ccenter\u201c force_fullwidth=\u201con\u201c align_tablet=\u201ccenter\u201c align_phone=\u201ccenter\u201c align_last_edited=\u201con|desktop\u201c admin_label=\u201cImage\u201c _builder_version=\u201c3.23&#8243; custom_margin=\u201c0px|0px|0px|0px\u201c animation_style=\u201cslide\u201c animation_direction=\u201cleft\u201c animation_duration=\u201c500ms\u201c animation_intensity_slide=\u201c10%\u201c sticky=\u201con\u201c global_colors_info=\u201c{}\u201c][\/et_pb_image][\/et_pb_column][et_pb_column type=\u201c1_4&#8243; _builder_version=\u201c3.25&#8243; custom_padding=\u201c|||\u201c global_colors_info=\u201c{}\u201c custom_padding__hover=\u201c|||\u201c][et_pb_image src=\u201chttp:\/\/avieciusodas.lt\/wp-content\/uploads\/2018\/10\/Glen-ample-uoga.jpg\u201c show_in_lightbox=\u201con\u201c show_bottom_space=\u201coff\u201c align=\u201ccenter\u201c force_fullwidth=\u201con\u201c align_tablet=\u201ccenter\u201c align_phone=\u201ccenter\u201c align_last_edited=\u201con|desktop\u201c admin_label=\u201cImage\u201c _builder_version=\u201c3.23&#8243; custom_margin=\u201c0px|0px|0px|0px\u201c animation_style=\u201cslide\u201c animation_direction=\u201cleft\u201c animation_duration=\u201c500ms\u201c animation_intensity_slide=\u201c10%\u201c sticky=\u201con\u201c global_colors_info=\u201c{}\u201c][\/et_pb_image][\/et_pb_column][et_pb_column type=\u201c1_4&#8243; _builder_version=\u201c3.25&#8243; custom_padding=\u201c|||\u201c global_colors_info=\u201c{}\u201c custom_padding__hover=\u201c|||\u201c][et_pb_image src=\u201chttp:\/\/avieciusodas.lt\/wp-content\/uploads\/2018\/10\/Glen-Ample-kr\u016bmas.jpg\u201c show_in_lightbox=\u201con\u201c show_bottom_space=\u201coff\u201c align=\u201ccenter\u201c force_fullwidth=\u201con\u201c align_tablet=\u201ccenter\u201c align_phone=\u201ccenter\u201c align_last_edited=\u201con|desktop\u201c admin_label=\u201cImage\u201c _builder_version=\u201c3.23&#8243; custom_margin=\u201c0px|0px|0px|0px\u201c animation_style=\u201cslide\u201c animation_direction=\u201cleft\u201c animation_duration=\u201c500ms\u201c animation_intensity_slide=\u201c10%\u201c sticky=\u201con\u201c global_colors_info=\u201c{}\u201c][\/et_pb_image][\/et_pb_column][\/et_pb_row][\/et_pb_section][et_pb_section fb_built=\u201c1&#8243; admin_label=\u201csection\u201c _builder_version=\u201c3.22&#8243; custom_padding=\u201c||3px|||\u201c global_colors_info=\u201c{}\u201c][et_pb_row column_structure=\u201c2_3,1_3&#8243; admin_label=\u201crow\u201c _builder_version=\u201c3.25&#8243; background_size=\u201cinitial\u201c background_position=\u201ctop_left\u201c background_repeat=\u201crepeat\u201c global_colors_info=\u201c{}\u201c][et_pb_column type=\u201c2_3&#8243; _builder_version=\u201c3.25&#8243; custom_padding=\u201c|||\u201c global_colors_info=\u201c{}\u201c custom_padding__hover=\u201c|||\u201c][et_pb_text _builder_version=\u201c4.11.4&#8243; _module_preset=\u201cdefault\u201c global_colors_info=\u201c{}\u201c]<\/p>\n<h2>Para\u0161ykite mums ir mes su jumis susisieksime<\/h2>\n<p>[\/et_pb_text][dvppl_cf7_styler form_bg=\u201cRGBA(0,0,0,0)\u201c button_alignment=\u201cright\u201c cf7=\u201c146&#8243; form_field_height=\u201c34px\u201c form_field_padding=\u201c|15px||15px|false|false\u201c form_field_spacing=\u201c0px\u201c form_label_spacing=\u201c0px\u201c _builder_version=\u201c4.11.4&#8243; _module_preset=\u201cdefault\u201c form_field_font_font_size=\u201c14px\u201c labels_font_size=\u201c17px\u201c labels_line_height=\u201c2em\u201c custom_submit_button=\u201con\u201c submit_button_text_size=\u201c21px\u201c submit_button_text_color=\u201c#8e8e8e\u201c submit_button_bg_color=\u201c#FFFFFF\u201c submit_button_border_width=\u201c3px\u201c submit_button_border_color=\u201c#ff0061&#8243; submit_button_border_radius=\u201c8px\u201c custom_margin=\u201c0px||||false|false\u201c global_colors_info=\u201c{}\u201c][\/dvppl_cf7_styler][\/et_pb_column][et_pb_column type=\u201c1_3&#8243; _builder_version=\u201c3.25&#8243; custom_padding=\u201c|||\u201c global_colors_info=\u201c{}\u201c custom_padding__hover=\u201c|||\u201c][et_pb_text admin_label=\u201cText\u201c _builder_version=\u201c3.27.4&#8243; text_font_size=\u201c16&#8243; global_colors_info=\u201c{}\u201c]<\/p>\n<h1>M\u016bs\u0173 kontaktai<\/h1>\n<p>&nbsp;<\/p>\n<p><strong>Addresas:<\/strong>\u00a0Kaunas, Zuikin\u0117<\/p>\n<p><strong>Telefonas:<\/strong> <a href=\"https:\/\/hangouts.google.com\/?action=chat&amp;pn=%2B37061608831&amp;hl=en&amp;authuser=0\" target=\"_blank\" rel=\"noopener noreferrer\"><span dir=\"ltr\" data-tooltip=\"Call phone (+37061608831)\" aria-label=\"Call phone (+37061608831)\">+370 616 08831<\/span><\/a><\/p>\n<p><strong>Dirbame:<\/strong>\u00a07:00 &#8211; 22:00<br \/>\n[\/et_pb_text][\/et_pb_column][\/et_pb_row][\/et_pb_section][et_pb_section fb_built=\u201c1&#8243; fullwidth=\u201con\u201c admin_label=\u201csection\u201c _builder_version=\u201c3.22&#8243; global_colors_info=\u201c{}\u201c][et_pb_fullwidth_map address=\u201cZuikin\u0117 71410, Lithuania\u201c zoom_level=\u201c13&#8243; address_lat=\u201c54.8688855415954&#8243; address_lng=\u201c23.97604560095213&#8243; mouse_wheel=\u201coff\u201c admin_label=\u201cFullwidth Map\u201c _builder_version=\u201c3.0.91&#8243; global_colors_info=\u201c{}\u201c][et_pb_map_pin title=\u201cAvie\u010di\u0173 sodas\u201c pin_address=\u201cApso g. 30a, Kaunas 45460, Lithuania\u201c pin_address_lat=\u201c54.86702715397526&#8243; pin_address_lng=\u201c23.995872489990234&#8243; _builder_version=\u201c3.0.47&#8243; global_colors_info=\u201c{}\u201c][\/et_pb_map_pin][\/et_pb_fullwidth_map][\/et_pb_section]<\/p>\n","protected":false},"excerpt":{"rendered":"<p>Apie mus Avie\u010di\u0173 sodas yra \u0161eimos \u016bkis. Jis \u012fsik\u016br\u0119s Kaune, Zuikin\u0117je \u012f pietvakarius nuo miesto centro, prie\u00a0Kauno mari\u0173. \u0160eima jau daugiau kaip 5 metus augina \u0161ias uogas. \u010cia pat jos skinamos, pakuojamos, dalis j\u0173 \u0161aldomos o paskui parduodamos. Auginant avietes svarbu i\u0161naudoti visus \u012fmanomus gamtin\u0117s \u017eemdirbyst\u0117s principus: dirvos gyvyb\u0117s aktyvinimas, bio\u012fvairov\u0117s palaikymas ir minimalus augal\u0173 [&hellip;]<\/p>\n","protected":false},"author":1,"featured_media":0,"parent":0,"menu_order":0,"comment_status":"closed","ping_status":"closed","template":"","meta":{"_et_pb_use_builder":"on","_et_pb_old_content":"","_et_gb_content_width":""},"_links":{"self":[{"href":"https:\/\/avieciusodas.lt\/index.php?rest_route=\/wp\/v2\/pages\/38"}],"collection":[{"href":"https:\/\/avieciusodas.lt\/index.php?rest_route=\/wp\/v2\/pages"}],"about":[{"href":"https:\/\/avieciusodas.lt\/index.php?rest_route=\/wp\/v2\/types\/page"}],"author":[{"embeddable":true,"href":"https:\/\/avieciusodas.lt\/index.php?rest_route=\/wp\/v2\/users\/1"}],"replies":[{"embeddable":true,"href":"https:\/\/avieciusodas.lt\/index.php?rest_route=%2Fwp%2Fv2%2Fcomments&post=38"}],"version-history":[{"count":34,"href":"https:\/\/avieciusodas.lt\/index.php?rest_route=\/wp\/v2\/pages\/38\/revisions"}],"predecessor-version":[{"id":154,"href":"https:\/\/avieciusodas.lt\/index.php?rest_route=\/wp\/v2\/pages\/38\/revisions\/154"}],"wp:attachment":[{"href":"https:\/\/avieciusodas.lt\/index.php?rest_route=%2Fwp%2Fv2%2Fmedia&parent=38"}],"curies":[{"name":"wp","href":"https:\/\/api.w.org\/{rel}","templated":true}]}}